{"id":96,"date":"2025-03-17T14:52:17","date_gmt":"2025-03-17T17:52:17","guid":{"rendered":"https:\/\/tarsoadvogados.com.br\/?page_id=96"},"modified":"2025-03-17T14:55:12","modified_gmt":"2025-03-17T17:55:12","slug":"expertises","status":"publish","type":"page","link":"https:\/\/tarsoadvogados.com.br\/?page_id=96","title":{"rendered":"EXPERTISES"},"content":{"rendered":"\t\t<div data-elementor-type=\"wp-page\" data-elementor-id=\"96\" class=\"elementor elementor-96\" data-elementor-post-type=\"page\">\n\t\t\t\t\t\t<section class=\"elementor-section elementor-top-section elementor-element elementor-element-951230d elementor-section-height-min-height elementor-section-boxed elementor-section-height-default elementor-section-items-middle\" data-id=\"951230d\" data-element_type=\"section\" data-settings=\"{&quot;background_background&quot;:&quot;classic&quot;}\">\n\t\t\t\t\t\t<div class=\"elementor-container elementor-column-gap-default\">\n\t\t\t\t\t<div class=\"elementor-column elementor-col-100 elementor-top-column elementor-element elementor-element-118e648\" data-id=\"118e648\" data-element_type=\"column\">\n\t\t\t<div class=\"elementor-widget-wrap elementor-element-populated\">\n\t\t\t\t\t\t<div class=\"elementor-element elementor-element-caccbf2 elementor-widget elementor-widget-heading\" data-id=\"caccbf2\" data-element_type=\"widget\" data-widget_type=\"heading.default\">\n\t\t\t\t<div class=\"elementor-widget-container\">\n\t\t\t\t\t<h2 class=\"elementor-heading-title elementor-size-default\">EXPERTISES<\/h2>\t\t\t\t<\/div>\n\t\t\t\t<\/div>\n\t\t\t\t<div class=\"elementor-element elementor-element-67ab4ff elementor-widget-divider--view-line elementor-widget elementor-widget-divider\" data-id=\"67ab4ff\" data-element_type=\"widget\" data-widget_type=\"divider.default\">\n\t\t\t\t<div class=\"elementor-widget-container\">\n\t\t\t\t\t\t\t<div class=\"elementor-divider\">\n\t\t\t<span class=\"elementor-divider-separator\">\n\t\t\t\t\t\t<\/span>\n\t\t<\/div>\n\t\t\t\t\t\t<\/div>\n\t\t\t\t<\/div>\n\t\t\t\t<div class=\"elementor-element elementor-element-c5f83cb elementor-widget elementor-widget-text-editor\" data-id=\"c5f83cb\" data-element_type=\"widget\" data-widget_type=\"text-editor.default\">\n\t\t\t\t<div class=\"elementor-widget-container\">\n\t\t\t\t\t\t\t\t\t<h2><span style=\"color: #a47b14;\"><b>Direito Contratual<\/b><\/span><\/h2><p><span style=\"font-weight: 400;\">Redigir e\/ou negociar instrumentos equilibrados e claros, que reduzam as expectativas de eventuais conflitos, riscos e a\u00e7\u00f5es judiciais. Apoiamos integralmente todas as fases de negocia\u00e7\u00e3o, proporcionando seguran\u00e7a para o fechamento do neg\u00f3cio.<\/span><\/p><h3><span style=\"color: #a47b14;\"><b>Direito Trabalhista<\/b><\/span><\/h3><p><span style=\"font-weight: 400;\">No aspecto preventivo oferecemos orienta\u00e7\u00f5es e solu\u00e7\u00f5es considerando, al\u00e9m da legisla\u00e7\u00e3o vigente, os mais recentes posicionamentos da Secretaria do Trabalho, Minist\u00e9rio P\u00fablico do Trabalho, sindicatos e as decis\u00f5es majorit\u00e1rias dos nossos Tribunais. Mapeamos os riscos que nossos clientes possam estar expostos e orientamos nas decis\u00f5es necess\u00e1rias para mitigar tais riscos. No contencioso nossa atua\u00e7\u00e3o compreende estudo profundo dos pedidos, visando obter a melhor tese para defender os interesses dos nossos clientes, assim como uma orienta\u00e7\u00e3o pessoal da parte e suas respectivas testemunhas proporcionando uma instru\u00e7\u00e3o firme e com larga expectativa de \u00eaxito.<\/span><\/p><h3><span style=\"color: #a47b14;\"><b>Direito Empresarial<\/b><\/span><\/h3><p><span style=\"font-weight: 400;\">Neste segmento atuamos como se fossemos a \u00e1rea jur\u00eddica interna de nossos clientes, responsabilizando por todas as tarefas, atividades e fun\u00e7\u00f5es relacionadas aos aspectos legais, judiciais e extrajudiciais da empresa. Atuamos tamb\u00e9m de forma estrat\u00e9gica, identificando melhorias e propondo solu\u00e7\u00f5es, novas oportunidades , agindo em prol do crescimento da empresa.<\/span><\/p><h3><span style=\"color: #a47b14;\"><b>Direito Digital<\/b><\/span><\/h3><p><span style=\"font-weight: 400;\">Orientando e assessorando as empresas, visando a adequa\u00e7\u00e3o \u00e0 Lei de Prote\u00e7\u00e3o de Dados &#8211; LGPD, buscando a conformidade das opera\u00e7\u00f5es com a nova legisla\u00e7\u00e3o, defendendo a empresa nas esferas judicial e administrativa.<\/span><\/p><h3><span style=\"color: #a47b14;\"><b>Direito Preventivo C\u00edvel<\/b><\/span><\/h3><p><span style=\"font-weight: 400;\">A\u00e7\u00f5es para evitar lit\u00edgios e problemas legais no \u00e2mbito civil. Trabalhamos usando estrat\u00e9gias proativas e aconselhamento jur\u00eddico para nossos clientes.<\/span><\/p><h3><span style=\"color: #a47b14;\"><b>Direito Contencioso C\u00edvel<\/b><\/span><\/h3><p><span style=\"font-weight: 400;\">Tratamos das disputas legais que se tornaram lit\u00edgios e est\u00e3o sendo resolvidas nos tribunais. Representamos nossos clientes com o objetivo de buscar uma resolu\u00e7\u00e3o favor\u00e1vel.<\/span><\/p><h3><span style=\"color: #a47b14;\"><b>Direito de Fam\u00edlia<\/b><\/span><\/h3><p><span style=\"font-weight: 400;\">Procedimentos extrajudiciais e judiciais (consensuais e litigiosos) em div\u00f3rcios, medidas cautelares de fam\u00edlia, reconhecimento de paternidade\/maternidade socioafetiva, interdi\u00e7\u00e3o civil, termo de decis\u00e3o de bens, guarda compartilhada, investiga\u00e7\u00e3o de paternidade e todas as medidas que envolvem c\u00f4njuges, companheiros e as rela\u00e7\u00f5es familiares decorrentes. Na \u00e1rea de sucess\u00f5es, assessoria em procedimentos extrajudiciais e judiciais (consensual e litigioso) na execu\u00e7\u00e3o de testamentos, invent\u00e1rios, peti\u00e7\u00e3o de heran\u00e7a, presta\u00e7\u00e3o de contas e todas as medidas que envolvem a tranfer\u00eancia de bens e direitos pro fo\u00e7a de sucess\u00e3o.<\/span><\/p><h3><span style=\"color: #a47b14;\"><b>Auditoria Judicial<\/b><\/span><\/h3><p><span style=\"font-weight: 400;\">Identifica\u00e7\u00e3o todas as a\u00e7\u00f5es judiciais onde a empresa figura como parte, para identificar os riscos relacionados, valida\u00e7\u00e3o das estrat\u00e9gicas e teses na condu\u00e7\u00e3o destes processos, recomenda\u00e7\u00f5es de procedimentos, visando reduzir riscos. Revis\u00e3o dos valores provisionados e sua classifica\u00e7\u00e3o.<\/span><\/p><h3><span style=\"color: #a47b14;\"><b>Direito do Consumidor<\/b><\/span><\/h3><p><span style=\"font-weight: 400;\">Nossa equipe tem atua\u00e7\u00e3o preventiva, consultiva e litigiosa nos conflitos entre fornecedores, consumidores e \u00f3rg\u00e3os de fiscaliza\u00e7\u00e3o e defesa do consumidor, envolvendo responsabilidade do produto.<\/span><\/p>\t\t\t\t\t\t\t\t<\/div>\n\t\t\t\t<\/div>\n\t\t\t\t\t<\/div>\n\t\t<\/div>\n\t\t\t\t\t<\/div>\n\t\t<\/section>\n\t\t\t\t<\/div>\n\t\t","protected":false},"excerpt":{"rendered":"<p>EXPERTISES Direito Contratual Redigir e\/ou negociar instrumentos equilibrados e claros, que reduzam as expectativas de eventuais conflitos, riscos e a\u00e7\u00f5es judiciais. Apoiamos integralmente todas as fases de negocia\u00e7\u00e3o, proporcionando seguran\u00e7a para o fechamento do neg\u00f3cio. Direito Trabalhista No aspecto preventivo oferecemos orienta\u00e7\u00f5es e solu\u00e7\u00f5es considerando, al\u00e9m da legisla\u00e7\u00e3o vigente, os mais recentes posicionamentos da Secretaria [&hellip;]<\/p>\n","protected":false},"author":1,"featured_media":0,"parent":0,"menu_order":0,"comment_status":"closed","ping_status":"closed","template":"","meta":{"footnotes":""},"class_list":["post-96","page","type-page","status-publish","hentry"],"_links":{"self":[{"href":"https:\/\/tarsoadvogados.com.br\/index.php?rest_route=\/wp\/v2\/pages\/96","targetHints":{"allow":["GET"]}}],"collection":[{"href":"https:\/\/tarsoadvogados.com.br\/index.php?rest_route=\/wp\/v2\/pages"}],"about":[{"href":"https:\/\/tarsoadvogados.com.br\/index.php?rest_route=\/wp\/v2\/types\/page"}],"author":[{"embeddable":true,"href":"https:\/\/tarsoadvogados.com.br\/index.php?rest_route=\/wp\/v2\/users\/1"}],"replies":[{"embeddable":true,"href":"https:\/\/tarsoadvogados.com.br\/index.php?rest_route=%2Fwp%2Fv2%2Fcomments&post=96"}],"version-history":[{"count":16,"href":"https:\/\/tarsoadvogados.com.br\/index.php?rest_route=\/wp\/v2\/pages\/96\/revisions"}],"predecessor-version":[{"id":113,"href":"https:\/\/tarsoadvogados.com.br\/index.php?rest_route=\/wp\/v2\/pages\/96\/revisions\/113"}],"wp:attachment":[{"href":"https:\/\/tarsoadvogados.com.br\/index.php?rest_route=%2Fwp%2Fv2%2Fmedia&parent=96"}],"curies":[{"name":"wp","href":"https:\/\/api.w.org\/{rel}","templated":true}]}}